{"id":23,"date":"2020-03-25T01:13:51","date_gmt":"2020-03-25T00:13:51","guid":{"rendered":"https:\/\/sklep.tevita-kardio.clinic\/?post_type=product&#038;p=23"},"modified":"2020-03-25T23:00:47","modified_gmt":"2020-03-25T22:00:47","slug":"teleporada","status":"publish","type":"product","link":"https:\/\/sklep.tevita-kardio.clinic\/index.php\/produkt\/teleporada\/","title":{"rendered":"Teleporada"},"content":{"rendered":"","protected":false},"excerpt":{"rendered":"<p>W trakcie teleporady zapewniamy:<\/p>\n<ul>\n<li>mo\u017cliwo\u015b\u0107 przes\u0142ania dokumentacji medycznej na adres\u00a0<a href=\"mailto:eporady@tevita-kardio.clinic\">eporady@tevita-kardio.clinic<\/a>\u00a0\u2013 ta dokumentacja zostanie przekazana lekarzowi i do\u0142\u0105czona do Pa\u0144stwa elektronicznej kartoteki,<\/li>\n<li>kompleksowy wywiad lekarski przez telefon,<\/li>\n<li>zalecenia wyja\u015bnione przez lekarza, z mo\u017cliwo\u015bci\u0105 przes\u0142ania tre\u015bci zalece\u0144 na adres e-mail,<\/li>\n<li>w razie konieczno\u015bci, decyzj\u0105 lekarza, um\u00f3wienie na piln\u0105 wizyt\u0119 w Poradni,<\/li>\n<li>mo\u017cliwo\u015b\u0107 wystawienia e-Recepty,<\/li>\n<li>w szczeg\u00f3lnych przypadkach mo\u017cliwo\u015b\u0107 wystawienia zwolnienia lekarskiego ZUS e-ZLA.<\/li>\n<\/ul>\n","protected":false},"featured_media":34,"template":"","meta":[],"product_brand":[],"product_cat":[17],"product_tag":[],"class_list":{"0":"post-23","1":"product","2":"type-product","3":"status-publish","4":"has-post-thumbnail","6":"product_cat-uslugi-na-odleglosc","8":"first","9":"instock","10":"shipping-taxable","11":"purchasable","12":"product-type-simple"},"_links":{"self":[{"href":"https:\/\/sklep.tevita-kardio.clinic\/index.php\/wp-json\/wp\/v2\/product\/23","targetHints":{"allow":["GET"]}}],"collection":[{"href":"https:\/\/sklep.tevita-kardio.clinic\/index.php\/wp-json\/wp\/v2\/product"}],"about":[{"href":"https:\/\/sklep.tevita-kardio.clinic\/index.php\/wp-json\/wp\/v2\/types\/product"}],"wp:featuredmedia":[{"embeddable":true,"href":"https:\/\/sklep.tevita-kardio.clinic\/index.php\/wp-json\/wp\/v2\/media\/34"}],"wp:attachment":[{"href":"https:\/\/sklep.tevita-kardio.clinic\/index.php\/wp-json\/wp\/v2\/media?parent=23"}],"wp:term":[{"taxonomy":"product_brand","embeddable":true,"href":"https:\/\/sklep.tevita-kardio.clinic\/index.php\/wp-json\/wp\/v2\/product_brand?post=23"},{"taxonomy":"product_cat","embeddable":true,"href":"https:\/\/sklep.tevita-kardio.clinic\/index.php\/wp-json\/wp\/v2\/product_cat?post=23"},{"taxonomy":"product_tag","embeddable":true,"href":"https:\/\/sklep.tevita-kardio.clinic\/index.php\/wp-json\/wp\/v2\/product_tag?post=23"}],"curies":[{"name":"wp","href":"https:\/\/api.w.org\/{rel}","templated":true}]}}